{"id":4,"date":"2016-09-16T14:18:09","date_gmt":"2016-09-16T14:18:09","guid":{"rendered":"http:\/\/www.biserica-muenster.de\/?page_id=4"},"modified":"2025-12-05T14:30:39","modified_gmt":"2025-12-05T14:30:39","slug":"contact-2","status":"publish","type":"page","link":"https:\/\/www.biserica-muenster.de\/de\/contact-2\/","title":{"rendered":"Kontakt"},"content":{"rendered":"<p><strong>Pr. Dimitrie Ursache<\/strong><\/p>\n<div id=\"m_-2555862786697875432yMail_cursorElementTracker_1476990888021\">Telefon: <em>0176 8234 6388<\/em><\/div>\n<p>Email: <em>daniel_ursache@yahoo.com<\/em><\/p>\n<p><em>Rum\u00e4nisch-Orthodoxe Kirchengem. Hl. Spyridon u. Hl. Petronilla<\/em><br data-rich-text-line-break=\"true\" \/><strong>IBAN:<\/strong> DE19 4005 0150 0034 4462 60<br data-rich-text-line-break=\"true\" \/><strong>Bankinstitut:<\/strong> Sparkasse M\u00fcnsterland Ost<br data-rich-text-line-break=\"true\" \/><strong>BIC:<\/strong> WELADED1MST<\/p>\n<p>Biserica <strong>St. Mari\u00e4 Himmelfahrt, Dyckburgstra\u00dfe 222, 48157 M\u00fcnster<\/strong><\/p>\n<p>Folosind mijloacele de transport \u00een comun, pute\u021bi ajunge la biseric\u0103 lu\u00e2nd din sta\u021bia HAUPTBAHNHOF A (\u00een fa\u021ba g\u0103rii centrale M\u00fcnster) autobuzul <a href=\"https:\/\/www.stadtwerke-muenster.de\/isoli\/isoli_xml\/tfp\/data22sperr\/tfp_4_1.pdf\">Nr. 4<\/a> \u00een direc\u021bia WALDFRIEDHOF LAUHEIDE p\u00e2n\u0103 \u00een sta\u021bia HEIDEHOF. De acolo, biserica este la aprox. 6 minute de mers.<br \/>\n        <div class=\"gmwd_container_wrapper\">            <div class=\"gmwd_container\">                <div id=\"gmwd_container_1\">                    <script>                        if(typeof gmwdmapData == 'undefined'){                            var gmwdmapData = [];                         }                                                                gmwdmapData[\"widget\" + '3'] = \"\";                                           gmwdmapData[\"mapId\" + '3'] = Number(\"2\");                                           gmwdmapData[\"centerLat\" + '3'] = Number(\"51.9862444\");                        gmwdmapData[\"centerLng\" + '3'] = Number(\"7.678914500000019\");\t                        gmwdmapData[\"zoom\" + '3'] = Number(\"12\");                        gmwdmapData[\"mapType\" + '3'] = \"0\";                        gmwdmapData[\"maxZoom\" + '3'] = Number(\"22\");                        gmwdmapData[\"minZoom\" + '3'] = Number(\"2\");                        gmwdmapData[\"mapWhellScrolling\" + '3'] = Number(\"0\") == 1 ? true : false;\t\t\t\t                        gmwdmapData[\"infoWindowOpenOn\" + '3'] = \"click\" ;\t\t\t\t                        gmwdmapData[\"mapDragable\" + '3'] = Number(\"1\") == 1 ? true : false;\t                            gmwdmapData[\"mapDbClickZoom\" + '3'] = Number(\"0\") == 1 ? true : false;\t                                                            gmwdmapData[\"enableZoomControl\" + '3'] = Number(\"1\") == 1 ? true : false;                        gmwdmapData[\"enableMapTypeControl\" + '3'] = Number(\"1\") == 1 ? true : false;\t\t\t                        gmwdmapData[\"mapTypeControlOptions\" + '3'] = {};                                                gmwdmapData[\"enableScaleControl\" + '3'] = Number(\"1\") == 1 ? true : false;                        gmwdmapData[\"enableStreetViewControl\" + '3'] = Number(\"1\") == 1 ? true : false;                        gmwdmapData[\"enableFullscreenControl\" + '3'] = Number(\"0\") == 1 ? true : false;                        gmwdmapData[\"enableRotateControl\" + '3'] = Number(\"1\") == 1 ? true : false;                        gmwdmapData[\"mapTypeControlPosition\" + '3'] = Number(\"0\");                                                gmwdmapData[\"zoomControlPosition\" + '3'] = Number(\"0\");                        gmwdmapData[\"streetViewControlPosition\" + '3'] = Number(\"0\");                                                gmwdmapData[\"fullscreenControlPosition\" + '3'] = Number(\"0\");                                                gmwdmapData[\"mapTypeControlStyle\" + '3'] = Number(\"0\");\t\t\t\t                        gmwdmapData[\"mapBorderRadius\" + '3'] = \"\";                        gmwdmapData[\"enableBykeLayer\" + '3'] =  Number(\"0\");\t                        gmwdmapData[\"enableTrafficLayer\" + '3'] =  Number(\"0\");\t\t\t\t                        gmwdmapData[\"enableTransitLayer\" + '3'] =  Number(\"0\");\t                        gmwdmapData[\"geoRSSURL\" + '3'] = \"\";\t                        gmwdmapData[\"KMLURL\" + '3'] = \"\";\t                        gmwdmapData[\"fusionTableId\" + '3'] = '';\t                                        gmwdmapData[\"mapTheme\" + '3'] = '';\t\t\t                        gmwdmapData[\"mapMarkers\" + '3'] = JSON.parse('{\"8\":{\"id\":\"8\",\"map_id\":\"2\",\"lat\":\"51.9862444\",\"lng\":\"7.678914500000019\",\"category\":\"0\",\"title\":\"Biserica\",\"address\":\"Dyckburgstra\\u00dfe 220, M\\u00fcnster\",\"animation\":\"NONE\",\"enable_info_window\":\"1\",\"info_window_open\":\"0\",\"marker_size\":\"32\",\"custom_marker_url\":\"\",\"choose_marker_icon\":\"1\",\"description\":\"\",\"link_url\":\"\",\"pic_url\":\"\",\"published\":\"1\"}}');                        gmwdmapData[\"mapPolygons\" + '3'] =  JSON.parse('[]');                        gmwdmapData[\"mapPolylines\" + '3'] = JSON.parse('[]');                                                gmwdmapData[\"enableCategoryFilter\" + '3'] = \"0\";                                                gmwdmapData[\"enableDirections\" + '3'] = \"0\";                        gmwdmapData[\"enableStoreLocatior\" + '3'] = \"0\";                        gmwdmapData[\"storeLocatorDistanceIn\" + '3'] = \"km\";                                                gmwdmapData[\"storeLocatorStrokeWidth\" + '3'] = Number(\"2\");                        gmwdmapData[\"storeLocatorFillColor\" + '3'] = \"#\" + \"7FDF16\";                        gmwdmapData[\"storeLocatorFillOpacity\" + '3'] = Number(\"0.3\");                        gmwdmapData[\"storeLocatorLineColor\" + '3'] = \"#\" + \"000\";                        gmwdmapData[\"storeLocatorLineOpacity\" + '3'] = Number(\"0.6\");                                                gmwdmapData[\"markerListingType\" + '3'] = \"0\";                        gmwdmapData[\"markerListInsideMap\" + '3'] = \"0\";                        gmwdmapData[\"markerListPosition\" + '3'] = Number(\"0\");                        gmwdmapData[\"infoWindowInfo\" + '3'] = \"title,address,desc,pic\";                        gmwdmapData[\"advancedInfoWindowPosition\" + '3'] = Number(\"10\");                        gmwdmapData[\"geolocateUser\" + '3'] = Number(\"0\");                        gmwdmapData[\"items\" + '3'] = \"3\";                                                gmwdmapData[\"enableSerchBox\" + '3'] = \"0\";                        gmwdmapData[\"serchBoxPosition\" + '3'] = Number(\"3\");                                                gmwdmapData[\"allMarkers\" + '3'] = [];                               gmwdmapData[\"allPolygons\" + '3'] = [];                        gmwdmapData[\"allPolygonMarkers\" + '3'] = [];                        gmwdmapData[\"allPolylines\" + '3'] = [];                        gmwdmapData[\"allPolylineMarkers\" + '3'] = [];                        gmwdmapData[\"infoWindows\" + '3'] = [];                        gmwdmapData[\"ajaxData\" + '3']  = {};                                                var ajaxURL = \"https:\/\/www.biserica-muenster.de\/wp-admin\/admin-ajax.php\";                        var markerDefaultIcon = \"\";                        var GMWD_URL = \"https:\/\/www.biserica-muenster.de\/wp-content\/plugins\/wd-google-maps\";                        jQuery( document ).ready(function() {\t\t\t\t\t                            gmwdInitMainMap(\"wd-map3\",false, '3');                            gmwdReadyFunction('3');                        });                    <\/script>                                        <div class=\"wd-clear\">                        <div id=\"wd-map3\" class=\"wd-row \" style=\" height:300px; width:100%\"><\/div>                    <\/div>                                                                <\/div>            <\/div>\t\t<\/div>\t\t<\/p>\n<p><img decoding=\"async\" loading=\"lazy\" class=\"wp-image-529 aligncenter\" src=\"http:\/\/www.biserica-muenster.de\/wp-content\/uploads\/2022\/12\/Heidehof-Dyckburg-300x271.jpg\" alt=\"\" width=\"441\" height=\"399\" srcset=\"https:\/\/www.biserica-muenster.de\/wp-content\/uploads\/2022\/12\/Heidehof-Dyckburg-300x271.jpg 300w, https:\/\/www.biserica-muenster.de\/wp-content\/uploads\/2022\/12\/Heidehof-Dyckburg-768x693.jpg 768w, https:\/\/www.biserica-muenster.de\/wp-content\/uploads\/2022\/12\/Heidehof-Dyckburg.jpg 1020w\" sizes=\"auto, (max-width: 441px) 100vw, 441px\" \/><\/p>\n","protected":false},"excerpt":{"rendered":"<p>Pr. Dimitrie Ursache Telefon: 0176 8234 6388 Email: daniel_ursache@yahoo.com Rum\u00e4nisch-Orthodoxe Kirchengem. Hl. Spyridon u. Hl. PetronillaIBAN: DE19 4005 0150 0034 4462 60Bankinstitut: Sparkasse M\u00fcnsterland OstBIC: WELADED1MST Biserica St. Mari\u00e4 Himmelfahrt, Dyckburgstra\u00dfe 222, 48157 M\u00fcnster Folosind mijloacele de transport \u00een comun, pute\u021bi ajunge la biseric\u0103 lu\u00e2nd din sta\u021bia HAUPTBAHNHOF A (\u00een fa\u021ba g\u0103rii centrale M\u00fcnster) autobuzul &hellip; <\/p>","protected":false},"author":1,"featured_media":0,"parent":0,"menu_order":1,"comment_status":"closed","ping_status":"closed","template":"","meta":{"nf_dc_page":"","om_disable_all_campaigns":false,"two_page_speed":[],"footnotes":""},"class_list":["post-4","page","type-page","status-publish","hentry","entry"],"jetpack_sharing_enabled":true,"_links":{"self":[{"href":"https:\/\/www.biserica-muenster.de\/de\/wp-json\/wp\/v2\/pages\/4","targetHints":{"allow":["GET"]}}],"collection":[{"href":"https:\/\/www.biserica-muenster.de\/de\/wp-json\/wp\/v2\/pages"}],"about":[{"href":"https:\/\/www.biserica-muenster.de\/de\/wp-json\/wp\/v2\/types\/page"}],"author":[{"embeddable":true,"href":"https:\/\/www.biserica-muenster.de\/de\/wp-json\/wp\/v2\/users\/1"}],"replies":[{"embeddable":true,"href":"https:\/\/www.biserica-muenster.de\/de\/wp-json\/wp\/v2\/comments?post=4"}],"version-history":[{"count":15,"href":"https:\/\/www.biserica-muenster.de\/de\/wp-json\/wp\/v2\/pages\/4\/revisions"}],"predecessor-version":[{"id":876,"href":"https:\/\/www.biserica-muenster.de\/de\/wp-json\/wp\/v2\/pages\/4\/revisions\/876"}],"wp:attachment":[{"href":"https:\/\/www.biserica-muenster.de\/de\/wp-json\/wp\/v2\/media?parent=4"}],"curies":[{"name":"wp","href":"https:\/\/api.w.org\/{rel}","templated":true}]}}