{"id":386,"date":"2019-06-02T20:28:19","date_gmt":"2019-06-02T20:28:19","guid":{"rendered":"http:\/\/www.biserica-muenster.de\/?page_id=386"},"modified":"2024-09-06T06:51:21","modified_gmt":"2024-09-06T06:51:21","slug":"date-bancare","status":"publish","type":"page","link":"https:\/\/www.biserica-muenster.de\/de\/date-bancare\/","title":{"rendered":"Spenden"},"content":{"rendered":"<p>Ihre Spenden sind f\u00fcr das reibungslose Funktionieren der Pfarrei von entscheidender Bedeutung. Die Kosten f\u00fcr den Betrieb der Pfarrei werden ausschlie\u00dflich durch Ihre monatlichen oder spontanen Spenden gedeckt.\nIhre Beitr\u00e4ge erm\u00f6glichen auch die Durchf\u00fchrung  karitativer Projekte, wie \u201eJedes Jahr ein neues Haus\u201c, \u201eHolz f\u00fcr alte Menschen in Rum\u00e4nien\u201c, sowie die Unterst\u00fctzung von Senioren und Kindern in Rum\u00e4nien, aber auch von rum\u00e4nischen Familien in Not hier in Deutschland.<\/p>\n\n\n\n<p>Sie k\u00f6nnen sowohl pers\u00f6nlich in der Kirche als auch auf das Konto der Pfarrei spenden**, wobei Sie gegebenenfalls den Grund oder das Projekt angeben, das Sie unterst\u00fctzen m\u00f6chten. Alternativ k\u00f6nnen Sie als Verwendungszweck 'Sozialprojekte' angeben.<\/p>\n\n\n\n<p>**<em>Rum\u00e4nisch-Orthodoxe Kirchengem. Hl. Spyridon u. Hl. Petronilla<\/em><br><strong>IBAN:<\/strong> DE19 4005 0150 0034 4462 60<br><strong>Bankinstitut:<\/strong> Sparkasse M\u00fcnsterland Ost<br><strong>BIC:<\/strong>  WELADED1MST<\/p>\n\n\n\n<p>Wenn Sie unser Vorhaben, eine eigene Kirche zu haben, unterst\u00fctzen m\u00f6chten, k\u00f6nnen Sie Ihren Beitrag auf das daf\u00fcr eingerichtete Konto \u00fcberweisen und so zum <strong><a href=\"https:\/\/www.biserica-muenster.de\/de\/?page_id=585\" data-type=\"URL\" data-id=\"https:\/\/www.biserica-muenster.de\/?page_id=585\">Stifter werden<\/a><\/strong>. <\/p>\n\n\n\n<div class=\"wp-block-group\"><div class=\"wp-block-group__inner-container is-layout-constrained wp-block-group-is-layout-constrained\">\n<div class=\"wp-block-group\"><div class=\"wp-block-group__inner-container is-layout-constrained wp-block-group-is-layout-constrained\">\n<div class=\"wp-block-group is-vertical is-layout-flex wp-container-core-group-is-layout-8cf370e7 wp-block-group-is-layout-flex\">\n<p><em>Rum\u00e4nisch-Orthodoxe Kirchengem. Hl. Spyridon u. Hl. Petronilla<\/em><br><strong>IBAN:<\/strong> DE85 4005 0150 0000 6081 74<br><strong>Bankinstitut:<\/strong> Sparkasse M\u00fcnsterland Ost<br><strong>BIC:<\/strong> WELADED1MST<br><strong>Verwendungszweck<\/strong>: eigene Kirche<\/p>\n<\/div>\n<\/div><\/div>\n<\/div><\/div>\n\n\n\n<p><\/p>\n\n\n\n<p>Gott wird Ihr Opfer belohnen!<\/p>\n\n\n\n<p><\/p>","protected":false},"excerpt":{"rendered":"<p>Dona\u021biile dumneavoastr\u0103 sunt vitale pentru buna func\u021bionare a parohiei. Costurile pe care le presupune existen\u021ba parohiei sunt asigurate exclusiv de dona\u021biile dumneavoastr\u0103 lunare sau spontane. De asemenea, contribu\u021biile dumneavoastr\u0103 fac posibile desf\u0103\u0219urarea diverselor proiecte caritabile: de pild\u0103, \u201eAnul \u0219i casa\u201d, \u201eLemne pentru b\u0103tr\u00e2nii din Rom\u00e2nia\u201d, oferirea unor ajutoare v\u00e2rstnicilor \u0219i copiilor din Rom\u00e2nia, dar \u0219i &hellip; <\/p>","protected":false},"author":1,"featured_media":0,"parent":0,"menu_order":0,"comment_status":"closed","ping_status":"closed","template":"","meta":{"nf_dc_page":"","om_disable_all_campaigns":false,"two_page_speed":[],"footnotes":""},"class_list":["post-386","page","type-page","status-publish","hentry","entry"],"jetpack_sharing_enabled":true,"_links":{"self":[{"href":"https:\/\/www.biserica-muenster.de\/de\/wp-json\/wp\/v2\/pages\/386","targetHints":{"allow":["GET"]}}],"collection":[{"href":"https:\/\/www.biserica-muenster.de\/de\/wp-json\/wp\/v2\/pages"}],"about":[{"href":"https:\/\/www.biserica-muenster.de\/de\/wp-json\/wp\/v2\/types\/page"}],"author":[{"embeddable":true,"href":"https:\/\/www.biserica-muenster.de\/de\/wp-json\/wp\/v2\/users\/1"}],"replies":[{"embeddable":true,"href":"https:\/\/www.biserica-muenster.de\/de\/wp-json\/wp\/v2\/comments?post=386"}],"version-history":[{"count":5,"href":"https:\/\/www.biserica-muenster.de\/de\/wp-json\/wp\/v2\/pages\/386\/revisions"}],"predecessor-version":[{"id":792,"href":"https:\/\/www.biserica-muenster.de\/de\/wp-json\/wp\/v2\/pages\/386\/revisions\/792"}],"wp:attachment":[{"href":"https:\/\/www.biserica-muenster.de\/de\/wp-json\/wp\/v2\/media?parent=386"}],"curies":[{"name":"wp","href":"https:\/\/api.w.org\/{rel}","templated":true}]}}